{"id":1790,"date":"2023-06-14T07:21:57","date_gmt":"2023-06-14T07:21:57","guid":{"rendered":"https:\/\/mondovisiter.com\/about\/"},"modified":"2024-07-21T16:32:38","modified_gmt":"2024-07-21T16:32:38","slug":"qui-sommes-nous","status":"publish","type":"page","link":"https:\/\/mondovisiter.com\/en\/qui-sommes-nous\/","title":{"rendered":"About us"},"content":{"rendered":"<div class=\"wp-block-ultimate-post-row ultp-block-2872dc\"><div class=\"ultp-row-wrapper\"><div class=\"ultp-row-content\">\n<div class=\"wp-block-ultimate-post-column ultp-block-0e8395\"><div class=\"ultp-column-wrapper\">\n<p class=\"\">Hi, I'm Nico! <br>As an adventurer and bon vivant, I love to move around and discover new horizons. I guess that's why, from a very early age, I spent my free time outdoors!  Growing up, my moped, scooter, car, boat and motorcycle licenses, as well as my skydiving and scuba diving certification, helped me to keep exploring further and further. <br>To fuel this thirst and curiosity, I travel! I've been privileged to visit nearly forty different countries, with no intention of stopping there. Travelling to new landscapes, tasting different foods, experiencing other cultures and other lifestyles enriches me greatly. And my next trip is just around the corner...<\/p>\n<\/div><\/div>\n\n\n\n<div class=\"wp-block-ultimate-post-column ultp-block-d78451\"><div class=\"ultp-column-wrapper\">\n<figure class=\"wp-block-image size-full\"><img decoding=\"async\" src=\"data:image\/gif;base64,R0lGODlhAQABAAAAACH5BAEKAAEALAAAAAABAAEAAAICTAEAOw==\" data-layzr=\"https:\/\/mondovisiter.com\/wp-content\/uploads\/2024\/07\/portrait-1.png\" alt=\"\" class=\"wp-image-2004\"\/><\/figure>\n<\/div><\/div>\n<\/div><\/div><\/div>\n\n\n\n<div class=\"wp-block-ultimate-post-row ultp-block-3ab56a\"><div class=\"ultp-row-wrapper\"><div class=\"ultp-row-content\">\n<div class=\"wp-block-ultimate-post-column ultp-block-4c0e78\"><div class=\"ultp-column-wrapper\">\n<p class=\"\">Hi there, I'm Kris! <br>Passionate scuba diver, underwater photographer and gourmet. I live in Thailand most of the year, and regularly travel throughout Asia from there. I've lived for several years, toes in the ocean, on a paradise island with a tight budget. Nowadays, I enjoy traveling with a little more comfort and security, away from the mass tourism. Nature walks, cultural and culinary discoveries, great encounters and impromptu aperitifs are always on my to-do list. <\/p>\n<\/div><\/div>\n\n\n\n<div class=\"wp-block-ultimate-post-column ultp-block-7c9ebf\"><div class=\"ultp-column-wrapper\">\n<figure class=\"wp-block-image size-full\"><img decoding=\"async\" src=\"data:image\/gif;base64,R0lGODlhAQABAAAAACH5BAEKAAEALAAAAAABAAEAAAICTAEAOw==\" data-layzr=\"https:\/\/mondovisiter.com\/wp-content\/uploads\/2024\/07\/portrait-1.png\" alt=\"\" class=\"wp-image-2004\"\/><\/figure>\n<\/div><\/div>\n<\/div><\/div><\/div>\n\n\n\n<p class=\"\">Long-time friends, we move around the world according to our moods and interests \u2665\ufe0f Sometimes together and other times not, sometimes with our respective halves, alone or with friends - we're always on the move.<br><br>Join us on our journey off the beaten tracks, in magnificent and fascinating destinations. If you like our articles and find them useful, send us a message or even a few photos. We would love to hear from you. <\/p>\n\n\n\n<div style=\"height:20px\" aria-hidden=\"true\" class=\"wp-block-spacer\"><\/div>","protected":false},"excerpt":{"rendered":"<p>Amis de longue date, nous nous d\u00e9pla\u00e7ons \u00e0 travers le monde en fonction de nos humeurs et de nos coups de coeur \u2665\ufe0f Parfois ensemble ou pas, avec nos moiti\u00e9s respectives ou pas, seuls ou avec des amis, bref, nous avons la bougeotte. Rejoins-nous dans notre p\u00e9riple hors des sentiers battus, dans des r\u00e9gions magnifiques &hellip; <\/p>","protected":false},"author":2,"featured_media":0,"parent":0,"menu_order":0,"comment_status":"closed","ping_status":"closed","template":"","meta":{"nf_dc_page":"","om_disable_all_campaigns":false,"_monsterinsights_skip_tracking":false,"_monsterinsights_sitenote_active":false,"_monsterinsights_sitenote_note":"","_monsterinsights_sitenote_category":0,"footnotes":""},"class_list":["post-1790","page","type-page","status-publish","hentry","latest_post"],"yoast_head":"<!-- This site is optimized with the Yoast SEO plugin v27.4 - https:\/\/yoast.com\/product\/yoast-seo-wordpress\/ -->\n<title>Qui sommes-nous? - ... et si on visitait ...<\/title>\n<meta name=\"description\" content=\"Bienvenue sur le blog de voyage de Nico et Kris, rejoins-nous dans notre p\u00e9riple hors des sentiers battus, dans des r\u00e9gions magnifiques et riches en d\u00e9couvertes.\" \/>\n<meta name=\"robots\" content=\"index, follow, max-snippet:-1, max-image-preview:large, max-video-preview:-1\" \/>\n<link rel=\"canonical\" href=\"https:\/\/mondovisiter.com\/en\/qui-sommes-nous\/\" \/>\n<meta property=\"og:locale\" content=\"en_US\" \/>\n<meta property=\"og:type\" content=\"article\" \/>\n<meta property=\"og:title\" content=\"Qui sommes-nous? - ... et si on visitait ...\" \/>\n<meta property=\"og:description\" content=\"Bienvenue sur le blog de voyage de Nico et Kris, rejoins-nous dans notre p\u00e9riple hors des sentiers battus, dans des r\u00e9gions magnifiques et riches en d\u00e9couvertes.\" \/>\n<meta property=\"og:url\" content=\"https:\/\/mondovisiter.com\/en\/qui-sommes-nous\/\" \/>\n<meta property=\"og:site_name\" content=\"... et si on visitait ...\" \/>\n<meta property=\"article:modified_time\" content=\"2024-07-21T16:32:38+00:00\" \/>\n<meta property=\"og:image\" content=\"https:\/\/mondovisiter.com\/wp-content\/uploads\/2024\/07\/portrait-1.png\" \/>\n<meta name=\"twitter:card\" content=\"summary_large_image\" \/>\n<meta name=\"twitter:label1\" content=\"Est. reading time\" \/>\n\t<meta name=\"twitter:data1\" content=\"2 minutes\" \/>\n<script type=\"application\/ld+json\" class=\"yoast-schema-graph\">{\"@context\":\"https:\\\/\\\/schema.org\",\"@graph\":[{\"@type\":\"WebPage\",\"@id\":\"https:\\\/\\\/mondovisiter.com\\\/qui-sommes-nous\\\/\",\"url\":\"https:\\\/\\\/mondovisiter.com\\\/qui-sommes-nous\\\/\",\"name\":\"Qui sommes-nous? - ... et si on visitait ...\",\"isPartOf\":{\"@id\":\"https:\\\/\\\/mondovisiter.com\\\/#website\"},\"primaryImageOfPage\":{\"@id\":\"https:\\\/\\\/mondovisiter.com\\\/qui-sommes-nous\\\/#primaryimage\"},\"image\":{\"@id\":\"https:\\\/\\\/mondovisiter.com\\\/qui-sommes-nous\\\/#primaryimage\"},\"thumbnailUrl\":\"https:\\\/\\\/mondovisiter.com\\\/wp-content\\\/uploads\\\/2024\\\/07\\\/portrait-1.png\",\"datePublished\":\"2023-06-14T07:21:57+00:00\",\"dateModified\":\"2024-07-21T16:32:38+00:00\",\"description\":\"Bienvenue sur le blog de voyage de Nico et Kris, rejoins-nous dans notre p\u00e9riple hors des sentiers battus, dans des r\u00e9gions magnifiques et riches en d\u00e9couvertes.\",\"breadcrumb\":{\"@id\":\"https:\\\/\\\/mondovisiter.com\\\/qui-sommes-nous\\\/#breadcrumb\"},\"inLanguage\":\"en-US\",\"potentialAction\":[{\"@type\":\"ReadAction\",\"target\":[\"https:\\\/\\\/mondovisiter.com\\\/qui-sommes-nous\\\/\"]}]},{\"@type\":\"ImageObject\",\"inLanguage\":\"en-US\",\"@id\":\"https:\\\/\\\/mondovisiter.com\\\/qui-sommes-nous\\\/#primaryimage\",\"url\":\"https:\\\/\\\/mondovisiter.com\\\/wp-content\\\/uploads\\\/2024\\\/07\\\/portrait-1.png\",\"contentUrl\":\"https:\\\/\\\/mondovisiter.com\\\/wp-content\\\/uploads\\\/2024\\\/07\\\/portrait-1.png\"},{\"@type\":\"BreadcrumbList\",\"@id\":\"https:\\\/\\\/mondovisiter.com\\\/qui-sommes-nous\\\/#breadcrumb\",\"itemListElement\":[{\"@type\":\"ListItem\",\"position\":1,\"name\":\"Home\",\"item\":\"https:\\\/\\\/mondovisiter.com\\\/\"},{\"@type\":\"ListItem\",\"position\":2,\"name\":\"Qui sommes-nous?\"}]},{\"@type\":\"WebSite\",\"@id\":\"https:\\\/\\\/mondovisiter.com\\\/#website\",\"url\":\"https:\\\/\\\/mondovisiter.com\\\/\",\"name\":\"mondovisiter\",\"description\":\"blog de voyage pour partir \u00e0 la d\u00e9couverte du monde\",\"publisher\":{\"@id\":\"https:\\\/\\\/mondovisiter.com\\\/#organization\"},\"potentialAction\":[{\"@type\":\"SearchAction\",\"target\":{\"@type\":\"EntryPoint\",\"urlTemplate\":\"https:\\\/\\\/mondovisiter.com\\\/?s={search_term_string}\"},\"query-input\":{\"@type\":\"PropertyValueSpecification\",\"valueRequired\":true,\"valueName\":\"search_term_string\"}}],\"inLanguage\":\"en-US\"},{\"@type\":\"Organization\",\"@id\":\"https:\\\/\\\/mondovisiter.com\\\/#organization\",\"name\":\"mondovisiter\",\"url\":\"https:\\\/\\\/mondovisiter.com\\\/\",\"logo\":{\"@type\":\"ImageObject\",\"inLanguage\":\"en-US\",\"@id\":\"https:\\\/\\\/mondovisiter.com\\\/#\\\/schema\\\/logo\\\/image\\\/\",\"url\":\"https:\\\/\\\/i0.wp.com\\\/mondovisiter.com\\\/wp-content\\\/uploads\\\/2024\\\/05\\\/cropped-cropped-cropped-cropped-Mondiovisiter.jpg?fit=500%2C364&ssl=1\",\"contentUrl\":\"https:\\\/\\\/i0.wp.com\\\/mondovisiter.com\\\/wp-content\\\/uploads\\\/2024\\\/05\\\/cropped-cropped-cropped-cropped-Mondiovisiter.jpg?fit=500%2C364&ssl=1\",\"width\":500,\"height\":364,\"caption\":\"mondovisiter\"},\"image\":{\"@id\":\"https:\\\/\\\/mondovisiter.com\\\/#\\\/schema\\\/logo\\\/image\\\/\"}}]}<\/script>\n<!-- \/ Yoast SEO plugin. -->","yoast_head_json":{"title":"Qui sommes-nous? - ... et si on visitait ...","description":"Bienvenue sur le blog de voyage de Nico et Kris, rejoins-nous dans notre p\u00e9riple hors des sentiers battus, dans des r\u00e9gions magnifiques et riches en d\u00e9couvertes.","robots":{"index":"index","follow":"follow","max-snippet":"max-snippet:-1","max-image-preview":"max-image-preview:large","max-video-preview":"max-video-preview:-1"},"canonical":"https:\/\/mondovisiter.com\/en\/qui-sommes-nous\/","og_locale":"en_US","og_type":"article","og_title":"Qui sommes-nous? - ... et si on visitait ...","og_description":"Bienvenue sur le blog de voyage de Nico et Kris, rejoins-nous dans notre p\u00e9riple hors des sentiers battus, dans des r\u00e9gions magnifiques et riches en d\u00e9couvertes.","og_url":"https:\/\/mondovisiter.com\/en\/qui-sommes-nous\/","og_site_name":"... et si on visitait ...","article_modified_time":"2024-07-21T16:32:38+00:00","og_image":[{"url":"https:\/\/mondovisiter.com\/wp-content\/uploads\/2024\/07\/portrait-1.png","type":"","width":"","height":""}],"twitter_card":"summary_large_image","twitter_misc":{"Est. reading time":"2 minutes"},"schema":{"@context":"https:\/\/schema.org","@graph":[{"@type":"WebPage","@id":"https:\/\/mondovisiter.com\/qui-sommes-nous\/","url":"https:\/\/mondovisiter.com\/qui-sommes-nous\/","name":"Qui sommes-nous? - ... et si on visitait ...","isPartOf":{"@id":"https:\/\/mondovisiter.com\/#website"},"primaryImageOfPage":{"@id":"https:\/\/mondovisiter.com\/qui-sommes-nous\/#primaryimage"},"image":{"@id":"https:\/\/mondovisiter.com\/qui-sommes-nous\/#primaryimage"},"thumbnailUrl":"https:\/\/mondovisiter.com\/wp-content\/uploads\/2024\/07\/portrait-1.png","datePublished":"2023-06-14T07:21:57+00:00","dateModified":"2024-07-21T16:32:38+00:00","description":"Bienvenue sur le blog de voyage de Nico et Kris, rejoins-nous dans notre p\u00e9riple hors des sentiers battus, dans des r\u00e9gions magnifiques et riches en d\u00e9couvertes.","breadcrumb":{"@id":"https:\/\/mondovisiter.com\/qui-sommes-nous\/#breadcrumb"},"inLanguage":"en-US","potentialAction":[{"@type":"ReadAction","target":["https:\/\/mondovisiter.com\/qui-sommes-nous\/"]}]},{"@type":"ImageObject","inLanguage":"en-US","@id":"https:\/\/mondovisiter.com\/qui-sommes-nous\/#primaryimage","url":"https:\/\/mondovisiter.com\/wp-content\/uploads\/2024\/07\/portrait-1.png","contentUrl":"https:\/\/mondovisiter.com\/wp-content\/uploads\/2024\/07\/portrait-1.png"},{"@type":"BreadcrumbList","@id":"https:\/\/mondovisiter.com\/qui-sommes-nous\/#breadcrumb","itemListElement":[{"@type":"ListItem","position":1,"name":"Home","item":"https:\/\/mondovisiter.com\/"},{"@type":"ListItem","position":2,"name":"Qui sommes-nous?"}]},{"@type":"WebSite","@id":"https:\/\/mondovisiter.com\/#website","url":"https:\/\/mondovisiter.com\/","name":"mondovisiter","description":"Travel blog to explore the world with us","publisher":{"@id":"https:\/\/mondovisiter.com\/#organization"},"potentialAction":[{"@type":"SearchAction","target":{"@type":"EntryPoint","urlTemplate":"https:\/\/mondovisiter.com\/?s={search_term_string}"},"query-input":{"@type":"PropertyValueSpecification","valueRequired":true,"valueName":"search_term_string"}}],"inLanguage":"en-US"},{"@type":"Organization","@id":"https:\/\/mondovisiter.com\/#organization","name":"mondovisiter","url":"https:\/\/mondovisiter.com\/","logo":{"@type":"ImageObject","inLanguage":"en-US","@id":"https:\/\/mondovisiter.com\/#\/schema\/logo\/image\/","url":"https:\/\/i0.wp.com\/mondovisiter.com\/wp-content\/uploads\/2024\/05\/cropped-cropped-cropped-cropped-Mondiovisiter.jpg?fit=500%2C364&ssl=1","contentUrl":"https:\/\/i0.wp.com\/mondovisiter.com\/wp-content\/uploads\/2024\/05\/cropped-cropped-cropped-cropped-Mondiovisiter.jpg?fit=500%2C364&ssl=1","width":500,"height":364,"caption":"mondovisiter"},"image":{"@id":"https:\/\/mondovisiter.com\/#\/schema\/logo\/image\/"}}]}},"jetpack_sharing_enabled":true,"_links":{"self":[{"href":"https:\/\/mondovisiter.com\/en\/wp-json\/wp\/v2\/pages\/1790","targetHints":{"allow":["GET"]}}],"collection":[{"href":"https:\/\/mondovisiter.com\/en\/wp-json\/wp\/v2\/pages"}],"about":[{"href":"https:\/\/mondovisiter.com\/en\/wp-json\/wp\/v2\/types\/page"}],"author":[{"embeddable":true,"href":"https:\/\/mondovisiter.com\/en\/wp-json\/wp\/v2\/users\/2"}],"replies":[{"embeddable":true,"href":"https:\/\/mondovisiter.com\/en\/wp-json\/wp\/v2\/comments?post=1790"}],"version-history":[{"count":5,"href":"https:\/\/mondovisiter.com\/en\/wp-json\/wp\/v2\/pages\/1790\/revisions"}],"predecessor-version":[{"id":2012,"href":"https:\/\/mondovisiter.com\/en\/wp-json\/wp\/v2\/pages\/1790\/revisions\/2012"}],"wp:attachment":[{"href":"https:\/\/mondovisiter.com\/en\/wp-json\/wp\/v2\/media?parent=1790"}],"curies":[{"name":"wp","href":"https:\/\/api.w.org\/{rel}","templated":true}]}}